{"id":2816,"date":"2022-02-16T19:12:47","date_gmt":"2022-02-16T18:12:47","guid":{"rendered":"http:\/\/avtechsummit.com\/?page_id=2816"},"modified":"2024-05-29T12:50:56","modified_gmt":"2024-05-29T10:50:56","slug":"mentions-legales","status":"publish","type":"page","link":"https:\/\/avtechsummit.com\/index.php\/mentions-legales\/","title":{"rendered":"Mentions l\u00e9gales"},"content":{"rendered":"\n    \n    <section class=\"u-align-center u-clearfix u-section-2\" id=\"sec-b91a\">\n      <div class=\"u-clearfix u-sheet u-sheet-1\">\n        <h1 class=\"u-text u-text-custom-color-1 u-text-default u-text-1\">Mentions l\u00e9gales<\/h1>\n        <p class=\"u-align-left u-custom-font u-heading-font u-text u-text-2\">\n          <span style=\"font-weight: 700; font-size: 1.25rem;\">Soci\u00e9t\u00e9&nbsp; <\/span>\n          <br>SAS AgilEvents <br>5 rue de l'Amiral Hamelin \u2013 75016 PARIS \u2013 France <br>Au capital de 20&nbsp;000\u20ac <br>SIRET&nbsp;:&nbsp;87916762500034<br>R.C.S&nbsp;: 879&nbsp;167&nbsp;625 PARIS <br>Adresse de courrier \u00e9lectronique&nbsp;: contact@agil-events.com <br>\n          <span style=\"font-size: 1.125rem; font-weight: 700;\">\n            <br>Responsable de publication\n          <\/span>&nbsp; <br>B\u00e9n\u00e9dicte ROBIN (personne physique) <br>\n          <a href=\"mailto:contact@agil-events.com\" class=\"u-active-none u-border-none u-btn u-button-link u-button-style u-hover-none u-none u-text-custom-color-1 u-btn-1\">contact@agil-events.com <\/a>\n          <br>\n          <span style=\"font-weight: 700; font-size: 1.125rem;\">\n            <br>Copyright et Propri\u00e9t\u00e9 intellectuelle \n          <\/span>\n          <br>Article L. 122-4 du code de la propri\u00e9t\u00e9 intellectuelle : Toute repr\u00e9sentation ou reproduction int\u00e9grale ou partielle faite sans le consentement de l'auteur ou de ses ayants droit ou ayants cause est illicite. Il en est de m\u00eame pour la traduction, l'adaptation ou la transformation, l'arrangement ou la reproduction par un art ou un proc\u00e9d\u00e9 quelconque. <br>\n          <br>Si vous souhaitez reproduire des documents contenus dans notre site, uniquement \u00e0 des fins non lucratives, vous devez avant toute diffusion obtenir notre autorisation \u00e9crite pr\u00e9alable. Pour cela, vous devez nous adresser une demande \u00e9crite (par e-mail ou par courrier postal) en pr\u00e9cisant le contenu exact de ce que vous souhaitez reproduire. Apr\u00e8s accord, il vous sera demand\u00e9 de citer pr\u00e9cis\u00e9ment les sources. <br>\n          <br>En outre, il vous est interdit de proc\u00e9der \u00e0 une extraction qualitativement ou quantitativement substantielle des bases de donn\u00e9es mises en ligne sur le site avtechsummit.com, ou d'utiliser ces bases de donn\u00e9es dans un cadre anormal. <br>\n          <br>Webdesign &amp; D\u00e9veloppement web <br>\n          <br>CR\u00c9DITS <br>Direction Artistique : Marie Treuil<br>\n          <span style=\"font-weight: 700; font-size: 1.125rem;\">\n            <br>H\u00e9bergement \n          <\/span>\n          <br>\n          <br>Le site avtechsummit.com est h\u00e9berg\u00e9 par la soci\u00e9t\u00e9 OVH <br>2 rue Kellermann <br>BP 80157 <br>59053 <br>ROUBAIX CEDEX 1 \u2013 France <span style=\"font-weight: 700;\">\n            <br>\n            <a href=\"https:\/\/www.ovhcloud.com\/fr\/\" class=\"u-active-none u-border-none u-btn u-button-link u-button-style u-hover-none u-none u-text-custom-color-1 u-btn-2\">www.ovhcloud.com\/fr\/<\/a>\n          <\/span>\n          <br>\n        <\/p>\n      <\/div>\n    <\/section>\n    \n    \n    \n    \n  \n","protected":false},"excerpt":{"rendered":"<p>Mentions l\u00e9gales Soci\u00e9t\u00e9&nbsp; SAS AgilEvents 5 rue de l&rsquo;Amiral Hamelin \u2013 75016 PARIS \u2013 France Au capital de 20&nbsp;000\u20ac SIRET&nbsp;:&nbsp;87916762500034R.C.S&nbsp;: 879&nbsp;167&nbsp;625 PARIS Adresse de courrier \u00e9lectronique&nbsp;: contact@agil-events.com Responsable de publication &nbsp; B\u00e9n\u00e9dicte ROBIN (personne physique) contact@agil-events.com Copyright et Propri\u00e9t\u00e9 intellectuelle Article L. 122-4 du code de la propri\u00e9t\u00e9 intellectuelle : Toute repr\u00e9sentation ou reproduction int\u00e9grale &hellip; <a href=\"https:\/\/avtechsummit.com\/index.php\/mentions-legales\/\" class=\"more-link\">Continue reading<span class=\"screen-reader-text\"> \u00ab\u00a0Mentions l\u00e9gales\u00a0\u00bb<\/span><\/a><\/p>\n","protected":false},"author":1,"featured_media":0,"parent":0,"menu_order":0,"comment_status":"closed","ping_status":"closed","template":"","meta":{"footnotes":""},"class_list":["post-2816","page","type-page","status-publish","hentry"],"jetpack_sharing_enabled":true,"_links":{"self":[{"href":"https:\/\/avtechsummit.com\/index.php\/wp-json\/wp\/v2\/pages\/2816","targetHints":{"allow":["GET"]}}],"collection":[{"href":"https:\/\/avtechsummit.com\/index.php\/wp-json\/wp\/v2\/pages"}],"about":[{"href":"https:\/\/avtechsummit.com\/index.php\/wp-json\/wp\/v2\/types\/page"}],"author":[{"embeddable":true,"href":"https:\/\/avtechsummit.com\/index.php\/wp-json\/wp\/v2\/users\/1"}],"replies":[{"embeddable":true,"href":"https:\/\/avtechsummit.com\/index.php\/wp-json\/wp\/v2\/comments?post=2816"}],"version-history":[{"count":5,"href":"https:\/\/avtechsummit.com\/index.php\/wp-json\/wp\/v2\/pages\/2816\/revisions"}],"predecessor-version":[{"id":5208,"href":"https:\/\/avtechsummit.com\/index.php\/wp-json\/wp\/v2\/pages\/2816\/revisions\/5208"}],"wp:attachment":[{"href":"https:\/\/avtechsummit.com\/index.php\/wp-json\/wp\/v2\/media?parent=2816"}],"curies":[{"name":"wp","href":"https:\/\/api.w.org\/{rel}","templated":true}]}}