{"id":798,"date":"2022-01-31T18:59:54","date_gmt":"2022-01-31T17:59:54","guid":{"rendered":"http:\/\/avtechsummit.com\/index.php\/les-lieux-3\/"},"modified":"2025-09-01T14:33:39","modified_gmt":"2025-09-01T12:33:39","slug":"les-lieux-3","status":"publish","type":"page","link":"https:\/\/avtechsummit.com\/index.php\/les-lieux-3\/","title":{"rendered":"Le Bellevue"},"content":{"rendered":"\n    \n    <section class=\"u-clearfix u-section-2\" src=\"\" id=\"sec-2373\">\n      <div class=\"u-clearfix u-sheet u-valign-middle u-sheet-1\">\n        <div class=\"u-clearfix u-expanded-width u-layout-wrap u-layout-wrap-1\">\n          <div class=\"u-layout\">\n            <div class=\"u-layout-row\">\n              <div class=\"u-container-style u-layout-cell u-left-cell u-size-23-md u-size-23-sm u-size-23-xs u-size-27-lg u-size-27-xl u-layout-cell-1\">\n                <div class=\"u-container-layout u-container-layout-1\">\n                  <h1 class=\"u-align-left u-text u-text-custom-color-1 u-text-1\" data-animation-name=\"fadeIn\" data-animation-duration=\"1750\" data-animation-direction=\"\"> Le Bellevue<br>\n                    <span style=\"font-weight: 400; font-size: 1.875rem;\"> 1, Place de Bellevue&nbsp;<br>64200 Biarritz&nbsp;\n                    <\/span>\n                  <\/h1>\n                  <div class=\"u-custom-color-1 u-shape u-shape-rectangle u-shape-1\" data-animation-name=\"fadeIn\" data-animation-duration=\"1000\" data-animation-direction=\"Left\"><\/div>\n                  <h4 class=\"u-align-left u-text u-text-2\">\n                    <span style=\"font-size: 1.5rem; font-weight: 400;\"><\/span>Vivez cet \u00e9v\u00e9nement au c\u0153ur du Bellevue, r\u00e9put\u00e9 pour son style Belle Epoque datant de 1930.&nbsp;<br>\n                  <\/h4>\n                <\/div>\n              <\/div>\n              <div class=\"u-align-center-lg u-align-center-md u-align-center-xl u-align-left-sm u-align-left-xs u-container-style u-layout-cell u-right-cell u-shape-rectangle u-size-33-lg u-size-33-xl u-size-37-md u-size-37-sm u-size-37-xs u-layout-cell-2\">\n                <div class=\"u-container-layout u-valign-bottom-md u-valign-bottom-sm u-valign-bottom-xs u-valign-middle-lg u-valign-middle-xl u-container-layout-2\">\n                  <div alt=\"\" class=\"u-align-center-sm u-align-center-xs u-image u-image-circle u-image-1\" data-image-width=\"799\" data-image-height=\"533\" data-animation-name=\"fadeIn\" data-animation-duration=\"1000\" data-animation-direction=\"\" style=\"background-image: url(&quot;https:\/\/avtechsummit.com\/wp-content\/uploads\/2022\/02\/35643397020_d7c179a120_c.jpg&quot;);\"><\/div>\n                <\/div>\n              <\/div>\n            <\/div>\n          <\/div>\n        <\/div>\n        <a href=\"https:\/\/my.matterport.com\/show\/?m=7JaasFnjfMq\" class=\"u-align-center u-border-2 u-border-custom-color-1 u-btn u-button-style u-hover-custom-color-1 u-none u-text-custom-color-1 u-text-hover-white u-btn-1\" target=\"_blank\">le bellevue en 3d<\/a>\n      <\/div>\n    <\/section>\n    <section class=\"u-clearfix u-section-3\" id=\"sec-c7f6\">\n      <div class=\"u-clearfix u-sheet u-valign-middle-md u-valign-middle-sm u-valign-middle-xs u-sheet-1\">\n        <h1 class=\"u-align-center u-text u-text-custom-color-1 u-text-default-xl u-text-1\"> Les 3 sites AVTECHSummit <\/h1>\n        <div class=\"u-clearfix u-expanded-width u-gutter-0 u-layout-spacing-vertical u-layout-wrap u-layout-wrap-1\">\n          <div class=\"u-layout\">\n            <div class=\"u-layout-row\">\n              <div class=\"u-align-left u-container-style u-layout-cell u-left-cell u-size-23 u-layout-cell-1\">\n                <div class=\"u-container-layout u-container-layout-1\">\n                  <ol class=\"u-custom-font u-heading-font u-text u-text-default-xl u-text-2\">\n                    <li>Le Casino de Biarritz<\/li>\n                    <li>Le Bellevue<\/li>\n                    <li>Le March\u200b\u00e9 aux Halles<\/li>\n                  <\/ol>\n                <\/div>\n              <\/div>\n              <div class=\"u-container-style u-image u-layout-cell u-right-cell u-size-37 u-image-1\" src=\"\" data-image-width=\"916\" data-image-height=\"620\" style=\"background-image: url(&quot;https:\/\/avtechsummit.com\/wp-content\/uploads\/2022\/12\/map.png&quot;);\">\n                <div class=\"u-container-layout u-container-layout-2\"><\/div>\n              <\/div>\n            <\/div>\n          <\/div>\n        <\/div>\n      <\/div>\n    <\/section>\n    \n    \n    \n    \n  \n","protected":false},"excerpt":{"rendered":"<p>Le Bellevue 1, Place de Bellevue&nbsp;64200 Biarritz&nbsp; Vivez cet \u00e9v\u00e9nement au c\u0153ur du Bellevue, r\u00e9put\u00e9 pour son style Belle Epoque datant de 1930.&nbsp; le bellevue en 3d Les 3 sites AVTECHSummit Le Casino de Biarritz Le Bellevue Le March\u200b\u00e9 aux Halles<\/p>\n","protected":false},"author":1,"featured_media":0,"parent":0,"menu_order":3,"comment_status":"closed","ping_status":"closed","template":"","meta":{"footnotes":""},"class_list":["post-798","page","type-page","status-publish","hentry"],"jetpack_sharing_enabled":true,"_links":{"self":[{"href":"https:\/\/avtechsummit.com\/index.php\/wp-json\/wp\/v2\/pages\/798","targetHints":{"allow":["GET"]}}],"collection":[{"href":"https:\/\/avtechsummit.com\/index.php\/wp-json\/wp\/v2\/pages"}],"about":[{"href":"https:\/\/avtechsummit.com\/index.php\/wp-json\/wp\/v2\/types\/page"}],"author":[{"embeddable":true,"href":"https:\/\/avtechsummit.com\/index.php\/wp-json\/wp\/v2\/users\/1"}],"replies":[{"embeddable":true,"href":"https:\/\/avtechsummit.com\/index.php\/wp-json\/wp\/v2\/comments?post=798"}],"version-history":[{"count":17,"href":"https:\/\/avtechsummit.com\/index.php\/wp-json\/wp\/v2\/pages\/798\/revisions"}],"predecessor-version":[{"id":3655,"href":"https:\/\/avtechsummit.com\/index.php\/wp-json\/wp\/v2\/pages\/798\/revisions\/3655"}],"wp:attachment":[{"href":"https:\/\/avtechsummit.com\/index.php\/wp-json\/wp\/v2\/media?parent=798"}],"curies":[{"name":"wp","href":"https:\/\/api.w.org\/{rel}","templated":true}]}}