{"id":805,"date":"2022-01-31T19:00:01","date_gmt":"2022-01-31T18:00:01","guid":{"rendered":"http:\/\/avtechsummit.com\/index.php\/les-conferenciers-3\/"},"modified":"2025-12-03T15:39:50","modified_gmt":"2025-12-03T14:39:50","slug":"les-conferenciers-3","status":"publish","type":"page","link":"https:\/\/avtechsummit.com\/index.php\/les-conferenciers-3\/","title":{"rendered":"Les conf\u00e9rences"},"content":{"rendered":"\n    \n    <section class=\"u-clearfix u-section-2\" id=\"sec-442f\">\n      <div class=\"u-clearfix u-sheet u-sheet-1\"><\/div>\n    <\/section>\n    <section class=\"u-align-center u-clearfix u-container-align-center u-section-3\" id=\"block-1\">\n      <div class=\"u-clearfix u-sheet u-valign-middle u-sheet-1\">\n        <h1 class=\"u-align-center u-text u-text-default u-text-1\">Programme des conf\u00e9rences&nbsp; - en cours d'\u00e9laboration<\/h1>\n      <\/div>\n    <\/section>\n    <section class=\"u-align-center u-clearfix u-container-align-center u-hidden u-section-4\" id=\"sec-cb1a\">\n      <div class=\"u-clearfix u-sheet u-sheet-1\">\n        <div class=\"data-layout-selected u-clearfix u-expanded-width u-gutter-0 u-layout-wrap u-layout-wrap-1\">\n          <div class=\"u-layout\" style=\"\">\n            <div class=\"u-layout-row\" style=\"\">\n              <div class=\"u-align-center u-container-align-center u-container-style u-layout-cell u-left-cell u-size-32 u-size-xs-60 u-white u-layout-cell-1\" src=\"\">\n                <div class=\"u-container-layout u-container-layout-1\">\n                  <h2 class=\"u-text u-text-custom-color-1 u-text-1\"> \"R\u00e9inventez les espaces de trava\u200bil et leur supervision avec les services HP Poly, Microsoft et l'IA\"<\/h2>\n                  <p class=\"u-text u-text-2\"> Les espaces de travail ont connu une \u00e9volution rapide ces cinq derni\u00e8res ann\u00e9es, tant sur le plan technologique et fonctionnel que dans les usages. La modernisation de ces environnements et la mise en place du travail flexible repr\u00e9sentent aujourd\u2019hui un enjeu majeur pour les entreprises et les organismes publics.<br>Microsoft et HP Poly vous invitent \u00e0 d\u00e9couvrir comment ils accompagnent ces transformations avec l'IA, gr\u00e2ce \u00e0 des services de r\u00e9servation, d\u2019optimisation des salles de r\u00e9union, ainsi qu\u2019\u00e0 des solutions de provisionnement, de gestion, et de supervision&nbsp;des \u00e9quipements.\n                  <\/p>\n                  <img decoding=\"async\" class=\"u-image u-image-contain u-image-default u-image-1\" src=\"https:\/\/i0.wp.com\/avtechsummit.com\/wp-content\/uploads\/2025\/09\/HPPOLY.png?w=1140&#038;ssl=1\" alt=\"\" data-image-width=\"715\" data-image-height=\"414\" data-href=\"https:\/\/www.hp.com\/fr-fr\/shop\/?_gl=1*1115xcw*_up*MQ..&amp;gclid=b2ab9f2c42311b6829f6f792dcb645d7&amp;gclsrc=3p.ds\" data-target=\"_blank\" data-recalc-dims=\"1\">\n                  <img decoding=\"async\" class=\"u-image u-image-default u-image-2\" src=\"https:\/\/i0.wp.com\/avtechsummit.com\/wp-content\/uploads\/2025\/07\/microsoft-logo-4.png?w=1140&#038;ssl=1\" alt=\"\" data-image-width=\"2008\" data-image-height=\"900\" data-href=\"https:\/\/www.microsoft.com\/fr-fr?msockid=2e6d847edd4e663f1b8a922adc6f6729\" data-target=\"_blank\" data-recalc-dims=\"1\">\n                <\/div>\n              <\/div>\n              <div class=\"u-align-center u-container-align-center u-container-style u-layout-cell u-right-cell u-size-28 u-size-xs-60 u-layout-cell-2\">\n                <div class=\"u-container-layout u-container-layout-2\" src=\"\">\n                  <h3 class=\"u-text u-text-custom-color-1 u-text-3\">Mercredi 15 octobre - 9h15<\/h3>\n                  <h2 class=\"u-text u-text-custom-color-15 u-text-4\">Conf\u00e9rence HP POLY - MICROSOFT<\/h2>\n                  <img decoding=\"async\" class=\"u-image u-image-default u-preserve-proportions u-image-3\" src=\"https:\/\/i0.wp.com\/avtechsummit.com\/wp-content\/uploads\/2025\/09\/DominiquePERRET.jpg?w=1140&#038;ssl=1\" alt=\"\" data-image-width=\"400\" data-image-height=\"400\" data-recalc-dims=\"1\">\n                  <img decoding=\"async\" class=\"u-image u-image-default u-preserve-proportions u-image-4\" src=\"https:\/\/i0.wp.com\/avtechsummit.com\/wp-content\/uploads\/2025\/09\/JulienPEIGNE.jpg?w=1140&#038;ssl=1\" alt=\"\" data-image-width=\"800\" data-image-height=\"800\" data-recalc-dims=\"1\">\n                  <p class=\"u-text u-text-5\"><span style=\"font-weight: 700;\">Julien Peign\u00e9 -<\/span> Program Manager, AI-Powered Workplace - Microsoft\n                  <\/p>\n                  <p class=\"u-text u-text-6\"><span style=\"font-weight: 700;\"> Dominique Perret -<\/span> Directeur Avant-Vente Europe du Sud, Moyen Orient, Afrique \u2013 HP Poly\n                  <\/p>\n                  <img decoding=\"async\" class=\"u-image u-image-default u-preserve-proportions u-image-5\" src=\"https:\/\/i0.wp.com\/avtechsummit.com\/wp-content\/uploads\/2025\/09\/VincentBergamasco.jpg?w=1140&#038;ssl=1\" alt=\"\" data-image-width=\"248\" data-image-height=\"248\" data-recalc-dims=\"1\">\n                  <p class=\"u-text u-text-7\"><span style=\"font-weight: 700;\">Vincent Bergamasco <\/span>- Business Development Manager Services Europe du Sud, Moyen Orient, Afrique \u2013 HP Poly\n                  <\/p>\n                  <p class=\"u-text u-text-8\"><b><span style=\"font-weight: 400;\">Animation -&nbsp;<\/span>Denis BROGNIART<\/b>\n                  <\/p>\n                <\/div>\n              <\/div>\n            <\/div>\n          <\/div>\n        <\/div>\n        <div class=\"u-align-center u-border-5 u-border-custom-color-15 u-line u-line-horizontal u-line-1\"><\/div>\n        <div class=\"data-layout-selected u-clearfix u-expanded-width u-gutter-0 u-layout-wrap u-layout-wrap-2\">\n          <div class=\"u-layout\" style=\"\">\n            <div class=\"u-layout-row\" style=\"\">\n              <div class=\"u-align-center u-container-align-center u-container-style u-layout-cell u-left-cell u-size-32 u-size-xs-60 u-white u-layout-cell-3\" src=\"\">\n                <div class=\"u-container-layout u-container-layout-3\">\n                  <h2 class=\"u-text u-text-custom-color-1 u-text-default u-text-9\"> \"\u200bLe Future Proofed Workplace : une plateforme s\u00e9curis\u00e9e, intelligente et int\u00e9grant l\u2019IA et l\u2019AVoIP\"<\/h2>\n                  <p class=\"u-text u-text-10\"> Dans un environnement professionnel en pleine transformation, le Future Proofed Workplace de Cisco propose une plateforme unifi\u00e9e qui combine r\u00e9seau, collaboration, s\u00e9curit\u00e9, intelligence artificielle (IA) et Audio-Video over IP (AVoIP). Cette approche innovante permet de soutenir les besoins de vos entreprises, tout en garantissant une exp\u00e9rience utilisateur fluide, immersive et s\u00e9curis\u00e9e. <br>Cette conf\u00e9rence vous invite \u00e0 d\u00e9couvrir comment cette plateforme cr\u00e9e des espaces de travail r\u00e9silients, performants et adapt\u00e9s aux besoins actuels et futurs des entreprises. Vous comprendrez comment ces technologies conjugu\u00e9es maximisent l\u2019engagement des collaborateurs et la performance organisationnelle. Rejoignez-nous pour explorer les cl\u00e9s d\u2019un espace de travail moderne, capable de s\u2019adapter et d\u2019\u00e9voluer.\n                  <\/p>\n                  <img decoding=\"async\" class=\"u-image u-image-contain u-image-default u-image-6\" src=\"https:\/\/i0.wp.com\/avtechsummit.com\/wp-content\/uploads\/2023\/08\/CISCO-3.png?w=1140&#038;ssl=1\" alt=\"\" data-image-width=\"1200\" data-image-height=\"633\" data-href=\"https:\/\/www.cisco.com\/site\/fr\/fr\/index.html\" data-target=\"_blank\" data-recalc-dims=\"1\">\n                <\/div>\n              <\/div>\n              <div class=\"u-align-center u-container-align-center u-container-style u-layout-cell u-right-cell u-size-28 u-size-xs-60 u-layout-cell-4\">\n                <div class=\"u-container-layout u-container-layout-4\" src=\"\">\n                  <h3 class=\"u-text u-text-custom-color-1 u-text-default u-text-11\">Mercredi 15 octobre - 14h&nbsp;<\/h3>\n                  <h2 class=\"u-text u-text-custom-color-15 u-text-12\">Conf\u00e9rence CISCO<\/h2>\n                  <img decoding=\"async\" class=\"u-image u-image-default u-preserve-proportions u-image-7\" src=\"https:\/\/i0.wp.com\/avtechsummit.com\/wp-content\/uploads\/2025\/09\/LaurentPeltier.jpg?w=1140&#038;ssl=1\" alt=\"\" data-image-width=\"332\" data-image-height=\"332\" data-recalc-dims=\"1\">\n                  <img decoding=\"async\" class=\"u-image u-image-default u-preserve-proportions u-image-8\" src=\"https:\/\/i0.wp.com\/avtechsummit.com\/wp-content\/uploads\/2025\/09\/JohanVanPuymbrouck.jpg?w=1140&#038;ssl=1\" alt=\"\" data-image-width=\"800\" data-image-height=\"800\" data-recalc-dims=\"1\">\n                  <h5 class=\"u-text u-text-body-color u-text-font u-text-13\"><span style=\"font-weight: 700;\"><b><\/b>Johan Van Puymbrouck<\/span> \u2013 Director Solutions Engineer \u2013 Cisco Collaboration EMEA \n                  <\/h5>\n                  <h5 class=\"u-custom-font u-text u-text-body-color u-text-font u-text-14\"><span style=\"font-weight: 700;\"><\/span><span style=\"font-weight: 700;\">Laurent Peltier<\/span> \u2013 Sales Lead \u2013 Cisco Collaboration France<br>\n                    <br>Retour d\u2019exp\u00e9rience et t\u00e9moignages Clients&nbsp;\n                  <\/h5>\n                  <p class=\"u-text u-text-15\"><b><span style=\"font-weight: 400;\">Animation -&nbsp;<\/span>Denis BROGNIART<\/b>\n                  <\/p>\n                <\/div>\n              <\/div>\n            <\/div>\n          <\/div>\n        <\/div>\n        <div class=\"u-align-center u-border-4 u-border-custom-color-15 u-line u-line-horizontal u-line-2\"><\/div>\n        <div class=\"data-layout-selected u-clearfix u-expanded-width u-gutter-0 u-layout-wrap u-layout-wrap-3\">\n          <div class=\"u-layout\" style=\"\">\n            <div class=\"u-layout-row\" style=\"\">\n              <div class=\"u-align-center u-container-align-center u-container-style u-layout-cell u-left-cell u-size-32 u-size-xs-60 u-white u-layout-cell-5\" src=\"\">\n                <div class=\"u-container-layout u-container-layout-5\">\n                  <h2 class=\"u-align-center u-text u-text-custom-color-1 u-text-16\">\"\u200bClickShare Hub, une nouvelle plateforme modulaire pour un espace de travail flexible, s\u00e9curis\u00e9 et optimis\u00e9 par l\u2019IA.\"<\/h2>\n                  <p class=\"u-text u-text-17\"> Lors de cette conf\u00e9rence, BARCO pr\u00e9sentera sa nouvelle solution de vid\u00e9oconf\u00e9rence modulaire utilisant la plateforme Microsoft Teams.<br>\n                    <br>Vous comprendrez quelles sont les avantages de la plateforme MDEP sous Android et comment elle peut vous permettre d\u2019optimiser vos espaces de travail en combinant le meilleur de Barco ClickShare et de Microsoft Teams.&nbsp;<br>\n                    <br>Vous d\u00e9couvrirez comment ClickShare Hub vous permettra de cr\u00e9er des salles de r\u00e9unions hybrides, flexibles et simples \u00e0 utiliser, tout en b\u00e9n\u00e9ficiant d\u2019une solution s\u00e9curis\u00e9e et des fonctionnalit\u00e9s de l\u2019IA propos\u00e9es par Microsoft.&nbsp;<br>\n                    <br>Avec ClickShare Hub, Barco propose une v\u00e9ritable plateforme de convergence pour offrir aux entreprises un choix in\u00e9dit : Ne plus avoir \u00e0 choisir entre une salle autonome et une salle BYOD et offrir une exp\u00e9rience utilisateur homog\u00e8ne dans toutes les salles.\n                  <\/p>\n                  <img decoding=\"async\" class=\"u-image u-image-contain u-image-default u-image-9\" src=\"https:\/\/i0.wp.com\/avtechsummit.com\/wp-content\/uploads\/2023\/08\/BARCO-2.png?w=1140&#038;ssl=1\" alt=\"\" data-image-width=\"1200\" data-image-height=\"806\" data-href=\"https:\/\/www.barco.com\/fr\" data-target=\"_blank\" data-recalc-dims=\"1\">\n                  <img decoding=\"async\" class=\"u-image u-image-default u-image-10\" src=\"https:\/\/i0.wp.com\/avtechsummit.com\/wp-content\/uploads\/2025\/07\/microsoft-logo-4.png?w=1140&#038;ssl=1\" alt=\"\" data-image-width=\"2008\" data-image-height=\"900\" data-href=\"https:\/\/www.microsoft.com\/fr-fr?msockid=2e6d847edd4e663f1b8a922adc6f6729\" data-target=\"_blank\" data-recalc-dims=\"1\">\n                <\/div>\n              <\/div>\n              <div class=\"u-align-center u-container-align-center u-container-style u-layout-cell u-right-cell u-size-28 u-size-xs-60 u-layout-cell-6\">\n                <div class=\"u-container-layout u-container-layout-6\" src=\"\">\n                  <h3 class=\"u-text u-text-custom-color-1 u-text-default u-text-18\">Mercredi 15 octobre - 18h&nbsp;<\/h3>\n                  <h2 class=\"u-text u-text-custom-color-15 u-text-19\">Conf\u00e9rence BARCO<\/h2>\n                  <img decoding=\"async\" class=\"u-image u-image-default u-preserve-proportions u-image-11\" src=\"https:\/\/i0.wp.com\/avtechsummit.com\/wp-content\/uploads\/2025\/09\/NabilBOUJRI-scaled.jpg?w=1140&#038;ssl=1\" alt=\"\" data-image-width=\"3333\" data-image-height=\"3333\" data-recalc-dims=\"1\">\n                  <img decoding=\"async\" class=\"u-image u-image-default u-preserve-proportions u-image-12\" src=\"https:\/\/i0.wp.com\/avtechsummit.com\/wp-content\/uploads\/2025\/09\/PictureNathalieLeignelBARCO.jpeg?w=1140&#038;ssl=1\" alt=\"\" data-image-width=\"400\" data-image-height=\"400\" data-recalc-dims=\"1\">\n                  <p class=\"u-text u-text-20\"><span style=\"font-weight: 700;\"> Nathalie Leignel -&nbsp;<\/span> Vice-Pr\u00e9sident Global Sales Meeting Experience -&nbsp;<br>Barco\n                  <\/p>\n                  <p class=\"u-text u-text-21\"><span style=\"font-weight: 700;\">Nabil Boujri -&nbsp;<\/span> Sales Director, France, Benelux, Southern Europe &amp; Africa -&nbsp;<br>Barco\n                  <\/p>\n                  <img decoding=\"async\" class=\"u-image u-image-default u-preserve-proportions u-image-13\" src=\"https:\/\/i0.wp.com\/avtechsummit.com\/wp-content\/uploads\/2025\/09\/JulienPEIGNE.jpg?w=1140&#038;ssl=1\" alt=\"\" data-image-width=\"800\" data-image-height=\"800\" data-recalc-dims=\"1\">\n                  <p class=\"u-text u-text-22\"><span style=\"font-weight: 700;\">Julien Peign\u00e9 -<\/span> Program Manager, AI-Powered Workplace - Microsoft\n                  <\/p>\n                  <p class=\"u-text u-text-23\"><b><span style=\"font-weight: 400;\">Animation -&nbsp;<\/span>Denis BROGNIART<\/b>\n                  <\/p>\n                <\/div>\n              <\/div>\n            <\/div>\n          <\/div>\n        <\/div>\n      <\/div>\n    <\/section>\n    <section class=\"u-clearfix u-section-5\" id=\"carousel_a364\">\n      <div class=\"u-clearfix u-sheet u-sheet-1\"><\/div>\n    <\/section>\n    <section class=\"u-carousel u-carousel-duration-250 u-slide u-block-1551-1\" id=\"carousel-f4b6\" data-interval=\"2500\" data-u-ride=\"carousel\">\n      <ol class=\"u-absolute-hcenter u-carousel-indicators u-block-1551-2\">\n        <li data-u-target=\"#carousel-f4b6\" class=\"u-active u-grey-30\" data-u-slide-to=\"0\"><\/li>\n        <li data-u-target=\"#carousel-f4b6\" class=\"u-grey-30\" data-u-slide-to=\"1\"><\/li>\n        <li data-u-target=\"#carousel-f4b6\" class=\"u-grey-30\" data-u-slide-to=\"2\"><\/li>\n      <\/ol>\n      <div class=\"u-carousel-inner\" role=\"listbox\">\n        <div class=\"u-active u-align-center u-carousel-item u-clearfix u-image u-shading u-section-6-1\" src=\"\" data-image-width=\"2880\" data-image-height=\"1920\" style=\"background-image: linear-gradient(0deg, rgba(0, 0, 0, 0.4), rgba(0, 0, 0, 0.4)), url(&quot;https:\/\/avtechsummit.com\/wp-content\/uploads\/2023\/08\/AVTECHSUMMIT_202350-scaled.jpg&quot;);\">\n          <div class=\"u-align-left u-clearfix u-sheet u-sheet-1\"><\/div>\n        <\/div>\n        <div class=\"u-align-center u-carousel-item u-clearfix u-image u-section-6-2\" src=\"\" data-image-width=\"2880\" data-image-height=\"1920\" style=\"background-image: url(&quot;https:\/\/avtechsummit.com\/wp-content\/uploads\/2023\/08\/AVTECHSUMMIT_2023331-scaled.jpg&quot;);\">\n          <div class=\"u-align-left u-clearfix u-sheet u-sheet-1\"><\/div>\n        <\/div>\n        <div class=\"u-align-center u-carousel-item u-clearfix u-image u-section-6-3\" src=\"\" data-image-width=\"2880\" data-image-height=\"1920\" style=\"background-image: url(&quot;https:\/\/avtechsummit.com\/wp-content\/uploads\/2023\/08\/AVTECHSUMMIT_2023330-scaled.jpg&quot;);\">\n          <div class=\"u-align-left u-clearfix u-sheet u-sheet-1\"><\/div>\n        <\/div>\n      <\/div>\n      <a class=\"u-absolute-vcenter u-carousel-control u-carousel-control-prev u-text-grey-30 u-block-1551-3\" href=\"#carousel-f4b6\" role=\"button\" data-u-slide=\"prev\"><span aria-hidden=\"true\">\n          <svg viewBox=\"0 0 477.175 477.175\"><path d=\"M145.188,238.575l215.5-215.5c5.3-5.3,5.3-13.8,0-19.1s-13.8-5.3-19.1,0l-225.1,225.1c-5.3,5.3-5.3,13.8,0,19.1l225.1,225\n                    c2.6,2.6,6.1,4,9.5,4s6.9-1.3,9.5-4c5.3-5.3,5.3-13.8,0-19.1L145.188,238.575z\"><\/path><\/svg><\/span><span class=\"sr-only\">Previous<\/span>\n      <\/a>\n      <a class=\"u-absolute-vcenter u-carousel-control u-carousel-control-next u-text-grey-30 u-block-1551-4\" href=\"#carousel-f4b6\" role=\"button\" data-u-slide=\"next\"><span aria-hidden=\"true\">\n          <svg viewBox=\"0 0 477.175 477.175\"><path d=\"M360.731,229.075l-225.1-225.1c-5.3-5.3-13.8-5.3-19.1,0s-5.3,13.8,0,19.1l215.5,215.5l-215.5,215.5\n                    c-5.3,5.3-5.3,13.8,0,19.1c2.6,2.6,6.1,4,9.5,4c3.4,0,6.9-1.3,9.5-4l225.1-225.1C365.931,242.875,365.931,234.275,360.731,229.075z\"><\/path><\/svg><\/span><span class=\"sr-only\">Next<\/span>\n      <\/a>\n    <\/section>\n    \n    \n    \n    \n  \n","protected":false},"excerpt":{"rendered":"<p>Programme des conf\u00e9rences&nbsp; &#8211; en cours d&rsquo;\u00e9laboration \u00ab\u00a0R\u00e9inventez les espaces de trava\u200bil et leur supervision avec les services HP Poly, Microsoft et l&rsquo;IA\u00a0\u00bb Les espaces de travail ont connu une \u00e9volution rapide ces cinq derni\u00e8res ann\u00e9es, tant sur le plan technologique et fonctionnel que dans les usages. La modernisation de ces environnements et la mise &hellip; <a href=\"https:\/\/avtechsummit.com\/index.php\/les-conferenciers-3\/\" class=\"more-link\">Continue reading<span class=\"screen-reader-text\"> \u00ab\u00a0Les conf\u00e9rences\u00a0\u00bb<\/span><\/a><\/p>\n","protected":false},"author":1,"featured_media":0,"parent":0,"menu_order":10,"comment_status":"closed","ping_status":"closed","template":"","meta":{"footnotes":""},"class_list":["post-805","page","type-page","status-publish","hentry"],"jetpack_sharing_enabled":true,"_links":{"self":[{"href":"https:\/\/avtechsummit.com\/index.php\/wp-json\/wp\/v2\/pages\/805","targetHints":{"allow":["GET"]}}],"collection":[{"href":"https:\/\/avtechsummit.com\/index.php\/wp-json\/wp\/v2\/pages"}],"about":[{"href":"https:\/\/avtechsummit.com\/index.php\/wp-json\/wp\/v2\/types\/page"}],"author":[{"embeddable":true,"href":"https:\/\/avtechsummit.com\/index.php\/wp-json\/wp\/v2\/users\/1"}],"replies":[{"embeddable":true,"href":"https:\/\/avtechsummit.com\/index.php\/wp-json\/wp\/v2\/comments?post=805"}],"version-history":[{"count":155,"href":"https:\/\/avtechsummit.com\/index.php\/wp-json\/wp\/v2\/pages\/805\/revisions"}],"predecessor-version":[{"id":6326,"href":"https:\/\/avtechsummit.com\/index.php\/wp-json\/wp\/v2\/pages\/805\/revisions\/6326"}],"wp:attachment":[{"href":"https:\/\/avtechsummit.com\/index.php\/wp-json\/wp\/v2\/media?parent=805"}],"curies":[{"name":"wp","href":"https:\/\/api.w.org\/{rel}","templated":true}]}}